{"id":172,"date":"2022-08-04T10:03:17","date_gmt":"2022-08-04T08:03:17","guid":{"rendered":"https:\/\/sportpferde-haas.de\/cm21\/imprint\/"},"modified":"2022-08-04T13:10:27","modified_gmt":"2022-08-04T11:10:27","slug":"imprint","status":"publish","type":"page","link":"https:\/\/sportpferde-haas.de\/en\/imprint\/","title":{"rendered":"Imprint"},"content":{"rendered":"<p>[et_pb_section fb_built=&#8221;1&#8243; specialty=&#8221;on&#8221; _builder_version=&#8221;4.17.6&#8243; _module_preset=&#8221;default&#8221; global_colors_info=&#8221;{}&#8221;][et_pb_column type=&#8221;2_3&#8243; specialty_columns=&#8221;2&#8243; _builder_version=&#8221;4.16&#8243; custom_padding=&#8221;|||&#8221; global_colors_info=&#8221;{}&#8221; custom_padding__hover=&#8221;|||&#8221;][et_pb_row_inner _builder_version=&#8221;4.17.6&#8243; _module_preset=&#8221;default&#8221; global_colors_info=&#8221;{}&#8221;][et_pb_column_inner saved_specialty_column_type=&#8221;2_3&#8243; _builder_version=&#8221;4.17.6&#8243; _module_preset=&#8221;default&#8221; global_colors_info=&#8221;{}&#8221;][et_pb_text admin_label=&#8221;Text Impressum&#8221; _builder_version=&#8221;4.17.6&#8243; _module_preset=&#8221;default&#8221; hover_enabled=&#8221;0&#8243; global_colors_info=&#8221;{}&#8221; sticky_enabled=&#8221;0&#8243;]Verantwortlich f\u00fcr die Inhalte:<br \/>\nHartmut Haas<br \/>\nBeuerener Weg 105<br \/>\n35418 Buseck<\/p>\n<p>Tel. 0173 \/ 713 78 67<br \/>\nFax 0 64 08 \u2013 504138<\/p>\n<p>eMail: <a href=\"mailto:info@sportpferde-haas.de\">sportpferde.haas@gmail.com<br \/>\n<\/a>Internet: <a href=\"https:\/\/www.sportpferde-haas.de\">www.sportpferde-haas.de<\/a><\/p>\n<p>&nbsp;<\/p>\n<p>Haftungshinweis: Trotz sorgf\u00e4ltiger inhaltliche Kontrolle \u00fcbernehmen wir keine Haftung f\u00fcr die Inhalte externer Links. F\u00fcr den Inhalt der verlinkten Seiten sind ausschlie\u00dflich deren Betreiber verantwortlich[\/et_pb_text][\/et_pb_column_inner][\/et_pb_row_inner][\/et_pb_column][et_pb_column type=&#8221;1_3&#8243; _builder_version=&#8221;4.16&#8243; custom_padding=&#8221;|||&#8221; global_colors_info=&#8221;{}&#8221; custom_padding__hover=&#8221;|||&#8221;][et_pb_sidebar orientation=&#8221;right&#8221; _builder_version=&#8221;4.17.6&#8243; _module_preset=&#8221;default&#8221; global_colors_info=&#8221;{}&#8221;][\/et_pb_sidebar][\/et_pb_column][\/et_pb_section]<\/p>\n","protected":false},"excerpt":{"rendered":"<p>Verantwortlich f\u00fcr die Inhalte: Hartmut Haas Beuerener Weg 105 35418 Buseck Tel. 0173 \/ 713 78 67 Fax 0 64 08 \u2013 504138 eMail: sportpferde.haas@gmail.com Internet: www.sportpferde-haas.de &nbsp; Haftungshinweis: Trotz sorgf\u00e4ltiger inhaltliche Kontrolle \u00fcbernehmen wir keine Haftung f\u00fcr die Inhalte externer Links. F\u00fcr den Inhalt der verlinkten Seiten sind ausschlie\u00dflich deren Betreiber verantwortlich<\/p>\n","protected":false},"author":1,"featured_media":0,"parent":0,"menu_order":0,"comment_status":"closed","ping_status":"closed","template":"","meta":{"_et_pb_use_builder":"on","_et_pb_old_content":"","_et_gb_content_width":"","footnotes":""},"class_list":["post-172","page","type-page","status-publish","hentry"],"_links":{"self":[{"href":"https:\/\/sportpferde-haas.de\/en\/wp-json\/wp\/v2\/pages\/172","targetHints":{"allow":["GET"]}}],"collection":[{"href":"https:\/\/sportpferde-haas.de\/en\/wp-json\/wp\/v2\/pages"}],"about":[{"href":"https:\/\/sportpferde-haas.de\/en\/wp-json\/wp\/v2\/types\/page"}],"author":[{"embeddable":true,"href":"https:\/\/sportpferde-haas.de\/en\/wp-json\/wp\/v2\/users\/1"}],"replies":[{"embeddable":true,"href":"https:\/\/sportpferde-haas.de\/en\/wp-json\/wp\/v2\/comments?post=172"}],"version-history":[{"count":7,"href":"https:\/\/sportpferde-haas.de\/en\/wp-json\/wp\/v2\/pages\/172\/revisions"}],"predecessor-version":[{"id":198,"href":"https:\/\/sportpferde-haas.de\/en\/wp-json\/wp\/v2\/pages\/172\/revisions\/198"}],"wp:attachment":[{"href":"https:\/\/sportpferde-haas.de\/en\/wp-json\/wp\/v2\/media?parent=172"}],"curies":[{"name":"wp","href":"https:\/\/api.w.org\/{rel}","templated":true}]}}